{"id":39,"date":"2023-01-16T13:14:25","date_gmt":"2023-01-16T13:14:25","guid":{"rendered":"https:\/\/switzerland-ski-holidays.com\/about-us\/"},"modified":"2023-11-14T14:48:13","modified_gmt":"2023-11-14T14:48:13","slug":"uber-uns","status":"publish","type":"page","link":"https:\/\/switzerland-ski-holidays.com\/de\/about-us\/","title":{"rendered":"\u00dcber uns"},"content":{"rendered":"<p>Seit meiner Kindheit hat mich der Nervenkitzel des Abenteuers gepackt, eine Leidenschaft, die durch die majest\u00e4tischen Berge, in denen ich aufgewachsen bin, entfacht wurde. Diese Landschaften waren die Spielpl\u00e4tze, die meine Liebe zur Natur und vor allem zum Skifahren n\u00e4hrten.&nbsp;<\/p>\n\n\n\n<p>Ich wurde schon fr\u00fch in die Welt des Skifahrens eingeweiht, ein Geschenk meiner Eltern, und der Geschwindigkeitsrausch und die Freiheit, die ich f\u00fchlte, als ich die Pisten hinunter sauste, zementierten seinen Platz in meinem Herzen. Bis heute ist das Skifahren eine gesch\u00e4tzte Freizeitbesch\u00e4ftigung.<\/p>\n\n\n\n<figure class=\"wp-block-image size-large\"><img decoding=\"async\" src=\"https:\/\/switzerland-ski-holidays.com\/wp-content\/uploads\/stunning-slopes-of-switzerland-1024x683.webp\" alt=\"Skifahrer beim Abfahrtslauf im Hochgebirge vor blauem Himmel\" class=\"wp-image-1202\"\/><figcaption class=\"wp-element-caption\">Atemberaubende Pisten der Schweiz<\/figcaption><\/figure>\n\n\n\n<p>Ich widmete mich der Verfeinerung meiner F\u00e4higkeiten und der Herausforderung neuer Gipfel und Pisten. Jeden Winter durchstreifte ich die sch\u00f6nsten Skigebiete Europas, aber bei all meinen Reisen schweiften meine Gedanken immer wieder zu den atemberaubenden Panoramen der Schweizer Alpen, dem atemberaubenden Alpengl\u00fchen auf den schneebedeckten Gipfeln und der ruhigen Umarmung der unber\u00fchrten Wildnis zur\u00fcck. Es wurde klar, dass diese <strong>Die Aussicht auf die Schweiz war eines der Naturwunder der Welt.<\/strong><\/p>\n\n\n\n<p>So verbrachte ich unz\u00e4hlige Winter damit, durch die Schweizer Alpen zu carven und die Geheimnisse der Skigebiete zu ergr\u00fcnden. Meine Begeisterung f\u00fcr das Skifahren in diesem Winterwunderland wuchs, und ich wollte diese Leidenschaft und dieses Wissen mit anderen teilen. So entstand nach und nach die Idee, ein Unternehmen zu gr\u00fcnden, das es anderen erm\u00f6glichen sollte, die gleiche Begeisterung und Freude zu erleben. Diese Inspiration gipfelte in der Gr\u00fcndung von Ski Holidays Swiss Alps, ein Unternehmen, das mich mit gro\u00dfem Stolz erf\u00fcllt.<\/p>\n\n\n\n<h2 class=\"wp-block-heading\"><strong>Die Schweiz hat eine reiche Skitradition<\/strong><\/h2>\n\n\n\n<p>In der Schweiz ist Skifahren mehr als nur ein Sport; es ist eine Lebensart f\u00fcr Enthusiasten wie uns, und die<strong> Die Schweizer Alpen sind eine Klasse f\u00fcr sich.<\/strong> Die Region verspricht ein unvergleichliches Pistenvergn\u00fcgen und ein faszinierendes Bergpanorama, das Ihnen den Atem raubt, selbst wenn Sie eine Pause einlegen.<\/p>\n\n\n\n<p>Jenseits der Pisten bieten die kulinarischen K\u00f6stlichkeiten, die erlesenen Weine und die reiche kulturelle Vielfalt der Schweiz ein reizvolles Erlebnis f\u00fcr alle, die das Skifahren mit anderen Freizeitaktivit\u00e4ten verbinden m\u00f6chten. Die Skist\u00e4dte in den Schweizer Alpen verf\u00fcgen \u00fcber malerische, historische Zentren, die zur Erkundung einladen.<\/p>\n\n\n\n<figure class=\"wp-block-image size-large\"><img decoding=\"async\" src=\"https:\/\/switzerland-ski-holidays.com\/wp-content\/uploads\/breathtaking-view-of-gornergrat-in-zermattt-1024x683.webp\" alt=\"Atemberaubender Blick auf Gornergrat, Zermatt, Matterhorn Ski Resort in der Schweiz mit Seilbahn Transport. Generative KI\" class=\"wp-image-1203\"\/><figcaption class=\"wp-element-caption\">Atemberaubende Aussicht auf den Gornergrat in Zermatt<\/figcaption><\/figure>\n\n\n\n<p>Der Luxus, der in vielen Schweizer Skidestinationen geboten wird, ist un\u00fcbertroffen, mit Dienstleistungen, die den h\u00f6chsten Standards entsprechen, von tadellos pr\u00e4parierten Pisten bis hin zu erstklassigen Restaurants und Unterk\u00fcnften. Orte wie St. Moritz gl\u00e4nzen als Juwelen der Alpen, aber das Luxuserlebnis ist nicht auf diese ber\u00fchmten Orte beschr\u00e4nkt - \u00fcberall in den Schweizer Skigebieten erwartet Sie Exzellenz, einschlie\u00dflich gehobener Einkaufsm\u00f6glichkeiten, um einen Tag im Schnee abzurunden.<\/p>\n\n\n\n<p>Die Skigebiete im Herzen der Schweizer Alpen bieten eine Schneesicherheit, die bis weit in den April hinein anh\u00e4lt, wenn die Skisaison in vollem Gange ist. Wenn Sie einen Skiurlaub in der Schweiz planen, brauchen Sie sich keine Sorgen um den Schnee zu machen - es wird genug davon geben.<\/p>\n\n\n\n<figure class=\"wp-block-image size-large\"><img loading=\"lazy\" decoding=\"async\" width=\"1024\" height=\"680\" src=\"https:\/\/switzerland-ski-holidays.com\/wp-content\/uploads\/switzerland-is-a-popular-skiing-destination-1024x680.webp\" alt=\"Warteschlange am Skilift\" class=\"wp-image-1204\" srcset=\"https:\/\/switzerland-ski-holidays.com\/wp-content\/uploads\/switzerland-is-a-popular-skiing-destination-1024x680.webp 1024w, https:\/\/switzerland-ski-holidays.com\/wp-content\/uploads\/switzerland-is-a-popular-skiing-destination-300x199.webp 300w, https:\/\/switzerland-ski-holidays.com\/wp-content\/uploads\/switzerland-is-a-popular-skiing-destination-768x510.webp 768w, https:\/\/switzerland-ski-holidays.com\/wp-content\/uploads\/switzerland-is-a-popular-skiing-destination-1536x1020.webp 1536w, https:\/\/switzerland-ski-holidays.com\/wp-content\/uploads\/switzerland-is-a-popular-skiing-destination-18x12.webp 18w, https:\/\/switzerland-ski-holidays.com\/wp-content\/uploads\/switzerland-is-a-popular-skiing-destination.webp 2000w\" sizes=\"auto, (max-width: 1024px) 100vw, 1024px\" \/><figcaption class=\"wp-element-caption\">Die Schweiz ist ein beliebtes Skigebiet<\/figcaption><\/figure>\n\n\n\n<p>Die Kombination all dieser Elemente macht die Schweizer Alpen zu einem unwiderstehlichen Anziehungspunkt f\u00fcr Ski- und Snowboardliebhaber. Die Vielfalt des Gel\u00e4ndes, die atemberaubenden Landschaften, die opulenten Annehmlichkeiten, die tief verwurzelte Kultur und die zuverl\u00e4ssige Schneedecke machen sie zu einem Magneten f\u00fcr Wintersportler weltweit.<\/p>\n\n\n\n<h2 class=\"wp-block-heading\"><strong>Eine Gruppe von regionalen Experten mit einer Leidenschaft f\u00fcr den Skisport.<\/strong><\/h2>\n\n\n\n<p>Mit der Zeit habe ich mich mit anderen zusammengetan, die eine <strong>tiefe Begeisterung f\u00fcr den Skisport,<\/strong> genau wie ich. Die Vorfreude auf den ersten Schneefall der Saison erwies sich stets als Geduldsprobe, und die berauschenden Stunden auf frisch gepuderten Pisten waren der H\u00f6hepunkt unseres Jahres. Gemeinsam wollten wir die Pracht des Skifahrens mit anderen teilen.<\/p>\n\n\n\n<figure class=\"wp-block-image size-large\"><img decoding=\"async\" src=\"https:\/\/switzerland-ski-holidays.com\/wp-content\/uploads\/engelberg-ski-1-1024x683.webp\" alt=\"Titlis Rotair Seilbahn\" class=\"wp-image-1181\"\/><figcaption class=\"wp-element-caption\">Moderne Seilbahnen des Skigebiets Engelberg<\/figcaption><\/figure>\n\n\n\n<p>In der Schweiz gibt es eine F\u00fclle au\u00dfergew\u00f6hnlicher Skigebiete, und die Wahl des richtigen Skigebiets kann ohne Insiderwissen \u00fcber die einzigartigen Vorteile und die Abstimmung auf Ihre Bed\u00fcrfnisse entmutigend sein. Als erfahrene Globetrotter kennen wir die unsch\u00e4tzbaren Einblicke, die nur Einheimische haben.<\/p>\n\n\n\n<p>Hier kommt unsere Rolle ins Spiel.<\/p>\n\n\n\n<p>Mit unserem Fachwissen und unseren praktischen Erfahrungen haben wir sorgf\u00e4ltig einige der besten Skipakete zusammengestellt, die in den Schweizer Alpen erh\u00e4ltlich sind. Unser Ziel ist es, sicherzustellen, dass Besucher dieses herrlichen Teils der Schweiz in das gleiche Hochgef\u00fchl eintauchen k\u00f6nnen, das wir jedes Mal versp\u00fcren, wenn wir die Pisten hinuntergleiten, ohne dass sie sich um die Logistik k\u00fcmmern m\u00fcssen.<\/p>\n\n\n\n<h2 class=\"wp-block-heading\"><strong>Unglaubliches Winterabenteuer in den atemberaubenden Schweizer Alpen.<\/strong><\/h2>\n\n\n\n<p>Unser Ehrgeiz geht \u00fcber die blo\u00dfe Ausweitung unserer Marke hinaus; er ist in der Verpflichtung verwurzelt, das h\u00f6chste Serviceniveau aufrechtzuerhalten, angetrieben von demselben Eifer, mit dem wir gegr\u00fcndet wurden.<\/p>\n\n\n\n<p>In Zusammenarbeit mit lokalen Schweizer Lieferanten stellen wir sicher, dass wir unserer Kundschaft die g\u00fcnstigsten Angebote machen k\u00f6nnen.<\/p>\n\n\n\n<figure class=\"wp-block-image size-large\"><img decoding=\"async\" src=\"https:\/\/switzerland-ski-holidays.com\/wp-content\/uploads\/gorgeous-view-of-st-1024x683.webp\" alt=\"Blick auf St. Moritz, den ber\u00fchmten Wintersportort, von der Anh\u00f6he aus\" class=\"wp-image-1205\"\/><figcaption class=\"wp-element-caption\">Wundersch\u00f6ne Aussicht auf St. Moritz<\/figcaption><\/figure>\n\n\n\n<p>Wir halten die Kosten erschwinglich, indem wir die Zwischenh\u00e4ndler ausschalten und versteckte Geb\u00fchren vermeiden. Sie k\u00f6nnen sich darauf verlassen, dass Ihre Investition direkt in die Schaffung eines tadellosen Erlebnisses f\u00fcr Sie flie\u00dft. Dar\u00fcber hinaus bieten Ihnen die finanziellen Garantien unseres Unternehmens auch nach der Buchung Sicherheit.<\/p>\n\n\n\n<p>Unser oberstes Ziel ist es, Ihr Skierlebnis in der Schweiz so angenehm und reibungslos wie m\u00f6glich zu gestalten.<\/p>\n\n\n\n<p>Machen Sie mit uns einen Skiurlaub, der sich in Ihr Herz einbrennen wird und Sie an die Schweizer Alpen erinnert.<\/p>\n\n\n\n<p>F\u00fcr diejenigen, deren Interessen \u00fcber das Skifahren hinausgehen, gl\u00e4nzt die Schweiz mit ihrer Vielseitigkeit und bietet Besuchern ein breites Spektrum an Aktivit\u00e4ten. Sie k\u00f6nnen eine Vielzahl von Optionen durch unsere vertrauensw\u00fcrdigen Partner bei Ski Holidays Europe erkunden und das perfekte, auf Sie zugeschnittene Erlebnis entdecken.<\/p>","protected":false},"excerpt":{"rendered":"<p>Seit meiner Kindheit hat mich der Nervenkitzel des Abenteuers gepackt, eine Leidenschaft, die durch die majest\u00e4tischen Berge, in denen ich aufgewachsen bin, entfacht wurde. Diese Landschaften waren die Spielpl\u00e4tze, die meine Liebe f\u00fcr die Natur und vor allem f\u00fcr das Skifahren n\u00e4hrten.  Ich wurde schon fr\u00fch in die Welt des Skifahrens eingef\u00fchrt, ein Geschenk meiner Eltern, ... <a href=\"https:\/\/switzerland-ski-holidays.com\/de\/about-us\/\">Fortsetzung<\/a><\/p>","protected":false},"author":37,"featured_media":1183,"parent":0,"menu_order":0,"comment_status":"closed","ping_status":"closed","template":"","meta":{"_acf_changed":false,"footnotes":""},"class_list":["post-39","page","type-page","status-publish","has-post-thumbnail","hentry"],"acf":{"page_subheading":"To ensure a smooth and enjoyable ski holiday in Switzerland, rely on a skilled team of experts for all the planning and details. Allow us to manage everything!"},"_links":{"self":[{"href":"https:\/\/switzerland-ski-holidays.com\/de\/wp-json\/wp\/v2\/pages\/39","targetHints":{"allow":["GET"]}}],"collection":[{"href":"https:\/\/switzerland-ski-holidays.com\/de\/wp-json\/wp\/v2\/pages"}],"about":[{"href":"https:\/\/switzerland-ski-holidays.com\/de\/wp-json\/wp\/v2\/types\/page"}],"author":[{"embeddable":true,"href":"https:\/\/switzerland-ski-holidays.com\/de\/wp-json\/wp\/v2\/users\/37"}],"replies":[{"embeddable":true,"href":"https:\/\/switzerland-ski-holidays.com\/de\/wp-json\/wp\/v2\/comments?post=39"}],"version-history":[{"count":4,"href":"https:\/\/switzerland-ski-holidays.com\/de\/wp-json\/wp\/v2\/pages\/39\/revisions"}],"predecessor-version":[{"id":1389,"href":"https:\/\/switzerland-ski-holidays.com\/de\/wp-json\/wp\/v2\/pages\/39\/revisions\/1389"}],"wp:featuredmedia":[{"embeddable":true,"href":"https:\/\/switzerland-ski-holidays.com\/de\/wp-json\/wp\/v2\/media\/1183"}],"wp:attachment":[{"href":"https:\/\/switzerland-ski-holidays.com\/de\/wp-json\/wp\/v2\/media?parent=39"}],"curies":[{"name":"wp","href":"https:\/\/api.w.org\/{rel}","templated":true}]}}