{"id":39,"date":"2023-01-16T13:14:25","date_gmt":"2023-01-16T13:14:25","guid":{"rendered":"https:\/\/switzerland-ski-holidays.com\/about-us\/"},"modified":"2023-11-14T14:48:13","modified_gmt":"2023-11-14T14:48:13","slug":"a-propos-de-nous","status":"publish","type":"page","link":"https:\/\/switzerland-ski-holidays.com\/fr\/about-us\/","title":{"rendered":"\u00c0 propos de nous"},"content":{"rendered":"<p>Depuis l'enfance, j'ai toujours \u00e9t\u00e9 attir\u00e9 par l'aventure, une passion enflamm\u00e9e par les montagnes majestueuses qui ont berc\u00e9 mon enfance. Ces paysages ont \u00e9t\u00e9 les terrains de jeu qui ont nourri mon amour pour les grands espaces et, surtout, pour le ski.&nbsp;<\/p>\n\n\n\n<p>Mon initiation au monde du ski s'est faite tr\u00e8s t\u00f4t, gr\u00e2ce \u00e0 un cadeau de mes parents, et la vitesse et la libert\u00e9 que j'ai ressenties en d\u00e9valant les pentes ont ciment\u00e9 sa place dans mon c\u0153ur. Aujourd'hui encore, le ski reste une activit\u00e9 qui me tient \u00e0 c\u0153ur.<\/p>\n\n\n\n<figure class=\"wp-block-image size-large\"><img decoding=\"async\" src=\"https:\/\/switzerland-ski-holidays.com\/wp-content\/uploads\/stunning-slopes-of-switzerland-1024x683.webp\" alt=\"Skieur descendant en haute montagne sur fond de ciel bleu\" class=\"wp-image-1202\"\/><figcaption class=\"wp-element-caption\">Les magnifiques pentes de la Suisse<\/figcaption><\/figure>\n\n\n\n<p>Je me suis consacr\u00e9 \u00e0 perfectionner mes comp\u00e9tences et \u00e0 relever les d\u00e9fis des nouveaux sommets et des nouvelles pistes. Chaque hiver, j'ai parcouru les plus belles stations de ski d'Europe, mais au milieu de tous mes voyages, mes pens\u00e9es revenaient invariablement vers les panoramas \u00e9poustouflants des Alpes suisses, l'\u00e9tonnante lueur des alpages sur les sommets enneig\u00e9s et l'\u00e9treinte sereine d'une nature sauvage et intacte. Il est devenu \u00e9vident que ces <strong>Les panoramas suisses \u00e9taient l'une des merveilles naturelles du monde.<\/strong><\/p>\n\n\n\n<p>J'ai donc pass\u00e9 d'innombrables hivers \u00e0 parcourir les Alpes suisses, d\u00e9couvrant les secrets de ses paradis skiables. Mon enthousiasme pour le ski dans ce pays de merveilles hivernales s'est accru et j'\u00e9tais impatient de partager cette passion et cette expertise avec d'autres. Peu \u00e0 peu, j'ai eu l'id\u00e9e de cr\u00e9er une entreprise qui permettrait \u00e0 d'autres de vivre la m\u00eame exaltation et la m\u00eame joie. Cette inspiration a abouti \u00e0 la cr\u00e9ation de Ski Holidays Swiss Alps, une entreprise qui me remplit d'une immense fiert\u00e9.<\/p>\n\n\n\n<h2 class=\"wp-block-heading\"><strong>La Suisse a une riche tradition de ski<\/strong><\/h2>\n\n\n\n<p>En Suisse, le ski est plus qu'un simple sport, c'est un mode de vie pour les passionn\u00e9s que nous sommes.<strong> Les Alpes suisses sont \u00e0 part.<\/strong> La r\u00e9gion promet des joies in\u00e9gal\u00e9es sur ses pentes et des panoramas de montagne envo\u00fbtants qui vous couperont le souffle, m\u00eame lorsque vous ferez une pause pour vous rafra\u00eechir.<\/p>\n\n\n\n<p>Au-del\u00e0 des pistes, les d\u00e9lices culinaires, les vins exquis et la riche tapisserie culturelle de la Suisse offrent une exp\u00e9rience d\u00e9licieuse \u00e0 ceux qui cherchent \u00e0 combiner le ski avec d'autres activit\u00e9s de loisir. Les villes de ski nich\u00e9es dans les Alpes suisses poss\u00e8dent des centres historiques pittoresques qui invitent \u00e0 l'exploration.<\/p>\n\n\n\n<figure class=\"wp-block-image size-large\"><img decoding=\"async\" src=\"https:\/\/switzerland-ski-holidays.com\/wp-content\/uploads\/breathtaking-view-of-gornergrat-in-zermattt-1024x683.webp\" alt=\"Vue imprenable sur Gornergrat, Zermatt, station de ski du Cervin en Suisse, avec transport en t\u00e9l\u00e9si\u00e8ge. IA g\u00e9n\u00e9rative\" class=\"wp-image-1203\"\/><figcaption class=\"wp-element-caption\">Vue imprenable sur le Gornergrat \u00e0 Zermatt<\/figcaption><\/figure>\n\n\n\n<p>Le luxe offert dans de nombreuses destinations de ski suisses est sans \u00e9gal, avec des services qui r\u00e9pondent aux normes les plus \u00e9lev\u00e9es, des pistes impeccablement entretenues aux restaurants et h\u00e9bergements de haut niveau. Des endroits comme Saint-Moritz brillent comme des joyaux des Alpes, mais l'exp\u00e9rience du luxe ne se limite pas \u00e0 ces lieux c\u00e9l\u00e8bres - dans toutes les r\u00e9gions de ski suisses, l'excellence attend, y compris le shopping haut de gamme pour couronner une journ\u00e9e sur la neige.<\/p>\n\n\n\n<p>Les stations de ski situ\u00e9es au c\u0153ur des Alpes suisses garantissent des conditions d'enneigement exceptionnelles qui durent des mois entiers, m\u00eame jusqu'en avril, lorsque la saison de ski bat son plein. Lorsque vous planifiez des vacances de ski en Suisse, il n'est pas n\u00e9cessaire de se pr\u00e9occuper de la neige, car elle sera abondante.<\/p>\n\n\n\n<figure class=\"wp-block-image size-large\"><img loading=\"lazy\" decoding=\"async\" width=\"1024\" height=\"680\" src=\"https:\/\/switzerland-ski-holidays.com\/wp-content\/uploads\/switzerland-is-a-popular-skiing-destination-1024x680.webp\" alt=\"File d&#039;attente au t\u00e9l\u00e9ski\" class=\"wp-image-1204\" srcset=\"https:\/\/switzerland-ski-holidays.com\/wp-content\/uploads\/switzerland-is-a-popular-skiing-destination-1024x680.webp 1024w, https:\/\/switzerland-ski-holidays.com\/wp-content\/uploads\/switzerland-is-a-popular-skiing-destination-300x199.webp 300w, https:\/\/switzerland-ski-holidays.com\/wp-content\/uploads\/switzerland-is-a-popular-skiing-destination-768x510.webp 768w, https:\/\/switzerland-ski-holidays.com\/wp-content\/uploads\/switzerland-is-a-popular-skiing-destination-1536x1020.webp 1536w, https:\/\/switzerland-ski-holidays.com\/wp-content\/uploads\/switzerland-is-a-popular-skiing-destination-18x12.webp 18w, https:\/\/switzerland-ski-holidays.com\/wp-content\/uploads\/switzerland-is-a-popular-skiing-destination.webp 2000w\" sizes=\"auto, (max-width: 1024px) 100vw, 1024px\" \/><figcaption class=\"wp-element-caption\">La Suisse est une destination de ski tr\u00e8s pris\u00e9e<\/figcaption><\/figure>\n\n\n\n<p>La combinaison de tous ces \u00e9l\u00e9ments fait des Alpes suisses un p\u00f4le d'attraction irr\u00e9sistible pour les aficionados du ski et du snowboard. La diversit\u00e9 du terrain, les paysages \u00e0 couper le souffle, les \u00e9quipements opulents, la culture profond\u00e9ment enracin\u00e9e et l'enneigement fiable en font un p\u00f4le d'attraction pour les amateurs de sports d'hiver du monde entier.<\/p>\n\n\n\n<h2 class=\"wp-block-heading\"><strong>Un groupe d'experts r\u00e9gionaux passionn\u00e9s de ski.<\/strong><\/h2>\n\n\n\n<p>Au fil du temps, j'ai tiss\u00e9 des liens avec d'autres personnes qui nourrissent un sentiment d'appartenance \u00e0 l'Union europ\u00e9enne. <strong>un enthousiasme profond pour le ski,<\/strong> tout comme moi. L'attente de la premi\u00e8re chute de neige de la saison s'est toujours r\u00e9v\u00e9l\u00e9e \u00eatre un test de patience, et les heures exaltantes pass\u00e9es sur les pentes fra\u00eechement poudr\u00e9es repr\u00e9sentaient l'apog\u00e9e de notre ann\u00e9e. Nous aspirions collectivement \u00e0 partager la splendeur du ski avec d'autres.<\/p>\n\n\n\n<figure class=\"wp-block-image size-large\"><img decoding=\"async\" src=\"https:\/\/switzerland-ski-holidays.com\/wp-content\/uploads\/engelberg-ski-1-1024x683.webp\" alt=\"T\u00e9l\u00e9ph\u00e9rique Titlis Rotair\" class=\"wp-image-1181\"\/><figcaption class=\"wp-element-caption\">Les t\u00e9l\u00e9ph\u00e9riques modernes de la station de ski d'Engelberg<\/figcaption><\/figure>\n\n\n\n<p>La Suisse compte une multitude de stations de ski exceptionnelles, et il peut \u00eatre difficile de choisir la bonne station si l'on n'a pas une connaissance approfondie de leurs avantages uniques et de la mani\u00e8re dont elles r\u00e9pondent \u00e0 vos besoins. En tant que globe-trotters chevronn\u00e9s, nous comprenons que seuls les locaux poss\u00e8dent des connaissances inestimables.<\/p>\n\n\n\n<p>C'est l\u00e0 que notre r\u00f4le entre en jeu.<\/p>\n\n\n\n<p>Gr\u00e2ce \u00e0 notre expertise et \u00e0 notre exp\u00e9rience pratique, nous avons m\u00e9ticuleusement mis au point quelques-uns des meilleurs forfaits de ski disponibles dans les Alpes suisses. Notre objectif est de faire en sorte que les visiteurs de cette magnifique r\u00e9gion de Suisse puissent s'immerger dans la m\u00eame exaltation que celle que nous ressentons chaque fois que nous d\u00e9valons les pentes, sans avoir \u00e0 g\u00e9rer eux-m\u00eames la logistique.<\/p>\n\n\n\n<h2 class=\"wp-block-heading\"><strong>Une incroyable aventure hivernale dans les Alpes suisses \u00e0 couper le souffle.<\/strong><\/h2>\n\n\n\n<p>Notre ambition va au-del\u00e0 de la simple expansion de notre marque ; elle est ancr\u00e9e dans un engagement \u00e0 maintenir le plus haut niveau de service, aliment\u00e9 par la m\u00eame ferveur que celle qui a marqu\u00e9 notre cr\u00e9ation.<\/p>\n\n\n\n<p>En collaboration avec des fournisseurs suisses locaux, nous nous assurons de proposer les offres les plus avantageuses \u00e0 notre client\u00e8le.<\/p>\n\n\n\n<figure class=\"wp-block-image size-large\"><img decoding=\"async\" src=\"https:\/\/switzerland-ski-holidays.com\/wp-content\/uploads\/gorgeous-view-of-st-1024x683.webp\" alt=\"Vue de St. Moritz, la c\u00e9l\u00e8bre station de sports d&#039;hiver, depuis la colline.\" class=\"wp-image-1205\"\/><figcaption class=\"wp-element-caption\">Vue magnifique de St. Moritz<\/figcaption><\/figure>\n\n\n\n<p>Nous maintenons des co\u00fbts abordables en \u00e9liminant les interm\u00e9diaires et en \u00e9vitant les frais cach\u00e9s. Vous pouvez \u00eatre s\u00fbr que votre investissement est directement consacr\u00e9 \u00e0 la cr\u00e9ation d'une exp\u00e9rience impeccable pour vous. De plus, les garanties financi\u00e8res de notre soci\u00e9t\u00e9 vous offrent une tranquillit\u00e9 d'esprit apr\u00e8s la r\u00e9servation.<\/p>\n\n\n\n<p>Notre objectif principal est de rendre votre exp\u00e9rience de ski en Suisse aussi agr\u00e9able et fluide que possible.<\/p>\n\n\n\n<p>Embarquez pour des vacances au ski avec nous, et vous laisserez dans votre c\u0153ur un souvenir imp\u00e9rissable des Alpes suisses.<\/p>\n\n\n\n<p>Pour ceux qui s'int\u00e9ressent \u00e0 autre chose qu'au ski, la Suisse se distingue par sa polyvalence et offre un large \u00e9ventail d'activit\u00e9s aux visiteurs. Vous pouvez explorer une vari\u00e9t\u00e9 d'options par le biais de nos affili\u00e9s de confiance \u00e0 Ski Holidays Europe et d\u00e9couvrir l'exp\u00e9rience parfaite adapt\u00e9e \u00e0 vos besoins.<\/p>","protected":false},"excerpt":{"rendered":"<p>Depuis l'enfance, j'ai toujours \u00e9t\u00e9 attir\u00e9 par l'aventure, une passion enflamm\u00e9e par les montagnes majestueuses qui ont berc\u00e9 mon enfance. Ces paysages ont \u00e9t\u00e9 les terrains de jeu qui ont nourri mon amour pour les grands espaces et, surtout, pour le ski.  Mon initiation au monde du ski s'est faite tr\u00e8s t\u00f4t, cadeau de mes parents, ... <a href=\"https:\/\/switzerland-ski-holidays.com\/fr\/about-us\/\">Suite<\/a><\/p>","protected":false},"author":37,"featured_media":1183,"parent":0,"menu_order":0,"comment_status":"closed","ping_status":"closed","template":"","meta":{"_acf_changed":false,"footnotes":""},"class_list":["post-39","page","type-page","status-publish","has-post-thumbnail","hentry"],"acf":{"page_subheading":"To ensure a smooth and enjoyable ski holiday in Switzerland, rely on a skilled team of experts for all the planning and details. Allow us to manage everything!"},"_links":{"self":[{"href":"https:\/\/switzerland-ski-holidays.com\/fr\/wp-json\/wp\/v2\/pages\/39","targetHints":{"allow":["GET"]}}],"collection":[{"href":"https:\/\/switzerland-ski-holidays.com\/fr\/wp-json\/wp\/v2\/pages"}],"about":[{"href":"https:\/\/switzerland-ski-holidays.com\/fr\/wp-json\/wp\/v2\/types\/page"}],"author":[{"embeddable":true,"href":"https:\/\/switzerland-ski-holidays.com\/fr\/wp-json\/wp\/v2\/users\/37"}],"replies":[{"embeddable":true,"href":"https:\/\/switzerland-ski-holidays.com\/fr\/wp-json\/wp\/v2\/comments?post=39"}],"version-history":[{"count":4,"href":"https:\/\/switzerland-ski-holidays.com\/fr\/wp-json\/wp\/v2\/pages\/39\/revisions"}],"predecessor-version":[{"id":1389,"href":"https:\/\/switzerland-ski-holidays.com\/fr\/wp-json\/wp\/v2\/pages\/39\/revisions\/1389"}],"wp:featuredmedia":[{"embeddable":true,"href":"https:\/\/switzerland-ski-holidays.com\/fr\/wp-json\/wp\/v2\/media\/1183"}],"wp:attachment":[{"href":"https:\/\/switzerland-ski-holidays.com\/fr\/wp-json\/wp\/v2\/media?parent=39"}],"curies":[{"name":"wp","href":"https:\/\/api.w.org\/{rel}","templated":true}]}}