{"id":39,"date":"2023-01-16T13:14:25","date_gmt":"2023-01-16T13:14:25","guid":{"rendered":"https:\/\/switzerland-ski-holidays.com\/about-us\/"},"modified":"2023-11-14T14:48:13","modified_gmt":"2023-11-14T14:48:13","slug":"chi-siamo","status":"publish","type":"page","link":"https:\/\/switzerland-ski-holidays.com\/it\/about-us\/","title":{"rendered":"Chi siamo"},"content":{"rendered":"<p>Fin dall'infanzia, il brivido dell'avventura mi ha sempre richiamato, una passione accesa dalle maestose montagne che hanno cullato la mia infanzia. Questi paesaggi sono stati il terreno di gioco che ha alimentato il mio amore per la vita all'aria aperta e, soprattutto, per lo sci.&nbsp;<\/p>\n\n\n\n<p>La mia iniziazione al mondo dello sci \u00e8 avvenuta presto, grazie a un regalo dei miei genitori, e l'impeto della velocit\u00e0 e la libert\u00e0 che provavo sfrecciando sulle piste hanno cementato il suo posto nel mio cuore. Ancora oggi, lo sci rimane un'attivit\u00e0 preziosa.<\/p>\n\n\n\n<figure class=\"wp-block-image size-large\"><img decoding=\"async\" src=\"https:\/\/switzerland-ski-holidays.com\/wp-content\/uploads\/stunning-slopes-of-switzerland-1024x683.webp\" alt=\"Sciatore in discesa in alta montagna contro il cielo blu\" class=\"wp-image-1202\"\/><figcaption class=\"wp-element-caption\">Le meravigliose piste della Svizzera<\/figcaption><\/figure>\n\n\n\n<p>Mi sono dedicato ad affinare le mie capacit\u00e0 e ad affrontare le sfide di nuove vette e piste. Ogni inverno ho girovagato per le pi\u00f9 belle stazioni sciistiche d'Europa, ma in mezzo a tutti i miei viaggi il mio pensiero tornava immancabilmente ai panorami mozzafiato delle Alpi svizzere, alla splendida luce dell'alpe sulle cime innevate e al sereno abbraccio di una natura incontaminata. \u00c8 diventato chiaro che questi <strong>I panorami svizzeri sono una delle meraviglie naturali del mondo.<\/strong><\/p>\n\n\n\n<p>Ho quindi trascorso innumerevoli inverni a percorrere le Alpi svizzere, scoprendo i segreti dei suoi paradisi sciistici. Il mio entusiasmo per lo sci in questo paese delle meraviglie invernali cresceva, ed ero desideroso di condividere questa passione e questa esperienza con altri. A poco a poco, \u00e8 nata l'idea di un'impresa che permettesse ad altri di provare la stessa gioia ed euforia. Questa ispirazione \u00e8 culminata nella creazione di Ski Holidays Swiss Alps, un'impresa che mi riempie di immenso orgoglio.<\/p>\n\n\n\n<h2 class=\"wp-block-heading\"><strong>La Svizzera ha una ricca tradizione sciistica<\/strong><\/h2>\n\n\n\n<p>In Svizzera, lo sci \u00e8 molto pi\u00f9 di un semplice sport: \u00e8 uno stile di vita per gli appassionati come noi, e la<strong> Le Alpi svizzere sono una regione a s\u00e9 stante.<\/strong> La regione promette una gioia impareggiabile sui suoi pendii e panorami montani ipnotici che catturano il fiato, anche quando ci si ferma per un rinfresco.<\/p>\n\n\n\n<p>Al di l\u00e0 delle piste, le delizie culinarie, i vini squisiti e il ricco patrimonio culturale della Svizzera offrono un'esperienza deliziosa per coloro che desiderano abbinare lo sci ad altre attivit\u00e0 ricreative. Le citt\u00e0 sciistiche situate sulle Alpi svizzere vantano pittoreschi centri storici che invitano all'esplorazione.<\/p>\n\n\n\n<figure class=\"wp-block-image size-large\"><img decoding=\"async\" src=\"https:\/\/switzerland-ski-holidays.com\/wp-content\/uploads\/breathtaking-view-of-gornergrat-in-zermattt-1024x683.webp\" alt=\"Vista mozzafiato di Gornergrat, Zermatt, stazione sciistica del Cervino in Svizzera con trasporto in seggiovia. IA generativa\" class=\"wp-image-1203\"\/><figcaption class=\"wp-element-caption\">Vista mozzafiato sul Gornergrat a Zermatt<\/figcaption><\/figure>\n\n\n\n<p>Il lusso offerto da molte destinazioni sciistiche svizzere non \u00e8 secondo a nessuno, con servizi che soddisfano gli standard pi\u00f9 elevati, dalle piste preparate in modo impeccabile ai ristoranti e agli alloggi di alto livello. Luoghi come St. Moritz brillano come gioielli delle Alpi, ma l'esperienza di lusso non si limita a questi luoghi famosi: in tutte le regioni sciistiche svizzere vi aspetta l'eccellenza, compreso lo shopping di alto livello per coronare una giornata sulla neve.<\/p>\n\n\n\n<p>Le stazioni sciistiche nel cuore delle Alpi svizzere garantiscono condizioni di neve stellari che durano per mesi, anche fino ad aprile, quando la stagione sciistica \u00e8 pi\u00f9 intensa. Quando si pianifica una vacanza sulla neve in Svizzera, le preoccupazioni per la neve non sono necessarie: ce ne sar\u00e0 in abbondanza.<\/p>\n\n\n\n<figure class=\"wp-block-image size-large\"><img loading=\"lazy\" decoding=\"async\" width=\"1024\" height=\"680\" src=\"https:\/\/switzerland-ski-holidays.com\/wp-content\/uploads\/switzerland-is-a-popular-skiing-destination-1024x680.webp\" alt=\"Coda all&#039;impianto di risalita\" class=\"wp-image-1204\" srcset=\"https:\/\/switzerland-ski-holidays.com\/wp-content\/uploads\/switzerland-is-a-popular-skiing-destination-1024x680.webp 1024w, https:\/\/switzerland-ski-holidays.com\/wp-content\/uploads\/switzerland-is-a-popular-skiing-destination-300x199.webp 300w, https:\/\/switzerland-ski-holidays.com\/wp-content\/uploads\/switzerland-is-a-popular-skiing-destination-768x510.webp 768w, https:\/\/switzerland-ski-holidays.com\/wp-content\/uploads\/switzerland-is-a-popular-skiing-destination-1536x1020.webp 1536w, https:\/\/switzerland-ski-holidays.com\/wp-content\/uploads\/switzerland-is-a-popular-skiing-destination-18x12.webp 18w, https:\/\/switzerland-ski-holidays.com\/wp-content\/uploads\/switzerland-is-a-popular-skiing-destination.webp 2000w\" sizes=\"auto, (max-width: 1024px) 100vw, 1024px\" \/><figcaption class=\"wp-element-caption\">La Svizzera \u00e8 una destinazione sciistica molto apprezzata<\/figcaption><\/figure>\n\n\n\n<p>Combinando tutti questi elementi, le Alpi svizzere sono un'attrazione irresistibile per gli appassionati di sci e snowboard. La diversit\u00e0 del terreno, i paesaggi mozzafiato, i servizi opulenti, la cultura radicata e l'affidabile copertura nevosa ne fanno una calamita per gli appassionati di sport invernali di tutto il mondo.<\/p>\n\n\n\n<h2 class=\"wp-block-heading\"><strong>Un gruppo di esperti regionali con la passione per lo sci.<\/strong><\/h2>\n\n\n\n<p>Nel corso del tempo, mi sono legato ad altre persone che hanno un <strong>profondo entusiasmo per lo sci,<\/strong> proprio come me. L'attesa della prima nevicata della stagione si \u00e8 sempre rivelata una prova di pazienza e le ore esaltanti trascorse sulle piste appena innevate rappresentavano l'apice del nostro anno. Insieme aspiravamo a condividere lo splendore dello sci con gli altri.<\/p>\n\n\n\n<figure class=\"wp-block-image size-large\"><img decoding=\"async\" src=\"https:\/\/switzerland-ski-holidays.com\/wp-content\/uploads\/engelberg-ski-1-1024x683.webp\" alt=\"Funivia del Titlis Rotair\" class=\"wp-image-1181\"\/><figcaption class=\"wp-element-caption\">Le moderne funivie del comprensorio sciistico di Engelberg<\/figcaption><\/figure>\n\n\n\n<p>La Svizzera vanta un'abbondanza di stazioni sciistiche eccezionali e la scelta di quella giusta pu\u00f2 essere scoraggiante senza una conoscenza approfondita dei loro vantaggi unici e di come si adattano alle vostre esigenze. Noi, da esperti giramondo, comprendiamo le preziose intuizioni che solo gli abitanti del luogo possiedono.<\/p>\n\n\n\n<p>\u00c8 qui che entra in gioco il nostro ruolo.<\/p>\n\n\n\n<p>Sfruttando la nostra competenza e le nostre esperienze dirette, abbiamo meticolosamente messo insieme alcuni dei migliori pacchetti sciistici disponibili sulle Alpi svizzere. Il nostro obiettivo \u00e8 far s\u00ec che i visitatori di questa magnifica parte della Svizzera possano immergersi nella stessa euforia che proviamo noi ogni volta che scivoliamo sulle piste, senza dover gestire la logistica in prima persona.<\/p>\n\n\n\n<h2 class=\"wp-block-heading\"><strong>Incredibile avventura invernale nelle Alpi svizzere mozzafiato.<\/strong><\/h2>\n\n\n\n<p>La nostra ambizione va oltre la semplice espansione del marchio, ma \u00e8 radicata nell'impegno a mantenere il pi\u00f9 alto livello di servizio, alimentato dallo stesso fervore che ha segnato la nostra nascita.<\/p>\n\n\n\n<p>In collaborazione con i fornitori locali svizzeri, ci assicuriamo di offrire le offerte pi\u00f9 vantaggiose per la nostra clientela.<\/p>\n\n\n\n<figure class=\"wp-block-image size-large\"><img decoding=\"async\" src=\"https:\/\/switzerland-ski-holidays.com\/wp-content\/uploads\/gorgeous-view-of-st-1024x683.webp\" alt=\"Vista di St. Moritz, la famosa regione di villeggiatura per gli sport invernali, dall&#039;alto della collina\" class=\"wp-image-1205\"\/><figcaption class=\"wp-element-caption\">Splendida vista su St. Moritz<\/figcaption><\/figure>\n\n\n\n<p>Manteniamo costi accessibili eliminando gli intermediari e rifuggendo da spese nascoste. Potete fidarvi del fatto che il vostro investimento sia direttamente destinato a creare un'esperienza impeccabile per voi. Inoltre, le garanzie finanziarie della nostra azienda vi offrono la massima tranquillit\u00e0 dopo la prenotazione.<\/p>\n\n\n\n<p>Il nostro obiettivo primario \u00e8 quello di rendere la vostra esperienza sciistica in Svizzera il pi\u00f9 piacevole e agevole possibile.<\/p>\n\n\n\n<p>Una vacanza sulla neve con noi vi lascer\u00e0 un posto indelebile nel cuore, ricordandovi le Alpi svizzere.<\/p>\n\n\n\n<p>Per coloro i cui interessi vanno oltre lo sci, la versatilit\u00e0 della Svizzera brilla, presentando uno spettro di attivit\u00e0 per i visitatori. Potete esplorare una variet\u00e0 di opzioni attraverso i nostri affiliati di fiducia di Ski Holidays Europe e scoprire l'esperienza perfetta su misura per voi.<\/p>","protected":false},"excerpt":{"rendered":"<p>Fin dall'infanzia, il brivido dell'avventura mi ha sempre richiamato, una passione accesa dalle maestose montagne che hanno cullato la mia infanzia. Questi paesaggi sono stati il terreno di gioco che ha alimentato il mio amore per la vita all'aria aperta e, soprattutto, per lo sci.  La mia iniziazione al mondo dello sci \u00e8 avvenuta presto, un regalo dei miei genitori, ... <a href=\"https:\/\/switzerland-ski-holidays.com\/it\/about-us\/\">Continua<\/a><\/p>","protected":false},"author":37,"featured_media":1183,"parent":0,"menu_order":0,"comment_status":"closed","ping_status":"closed","template":"","meta":{"_acf_changed":false,"footnotes":""},"class_list":["post-39","page","type-page","status-publish","has-post-thumbnail","hentry"],"acf":{"page_subheading":"To ensure a smooth and enjoyable ski holiday in Switzerland, rely on a skilled team of experts for all the planning and details. Allow us to manage everything!"},"_links":{"self":[{"href":"https:\/\/switzerland-ski-holidays.com\/it\/wp-json\/wp\/v2\/pages\/39","targetHints":{"allow":["GET"]}}],"collection":[{"href":"https:\/\/switzerland-ski-holidays.com\/it\/wp-json\/wp\/v2\/pages"}],"about":[{"href":"https:\/\/switzerland-ski-holidays.com\/it\/wp-json\/wp\/v2\/types\/page"}],"author":[{"embeddable":true,"href":"https:\/\/switzerland-ski-holidays.com\/it\/wp-json\/wp\/v2\/users\/37"}],"replies":[{"embeddable":true,"href":"https:\/\/switzerland-ski-holidays.com\/it\/wp-json\/wp\/v2\/comments?post=39"}],"version-history":[{"count":4,"href":"https:\/\/switzerland-ski-holidays.com\/it\/wp-json\/wp\/v2\/pages\/39\/revisions"}],"predecessor-version":[{"id":1389,"href":"https:\/\/switzerland-ski-holidays.com\/it\/wp-json\/wp\/v2\/pages\/39\/revisions\/1389"}],"wp:featuredmedia":[{"embeddable":true,"href":"https:\/\/switzerland-ski-holidays.com\/it\/wp-json\/wp\/v2\/media\/1183"}],"wp:attachment":[{"href":"https:\/\/switzerland-ski-holidays.com\/it\/wp-json\/wp\/v2\/media?parent=39"}],"curies":[{"name":"wp","href":"https:\/\/api.w.org\/{rel}","templated":true}]}}